{"id":14192,"date":"2023-05-17T09:52:56","date_gmt":"2023-05-17T08:52:56","guid":{"rendered":"https:\/\/ennorr.com\/?post_type=product&#038;p=14192"},"modified":"2026-02-24T14:48:51","modified_gmt":"2026-02-24T13:48:51","slug":"moulinex-blender-blendforce-2l-600w-rouge","status":"publish","type":"product","link":"https:\/\/ennorr.com\/ar\/product\/moulinex-blender-blendforce-2l-600w-rouge\/","title":{"rendered":"Moulinex Blender &#8211; Blendforce &#8211; 2L &#8211; 600W &#8211; Rouge"},"content":{"rendered":"<p>Action 1: Verrouillage facile: Nouveau verrouillage externe pour une fermeture plus confortable (40% plus facile \u00e0 verrouiller).<\/p>\n<p>Action 2: S\u00e9curit\u00e9 optimale: Nouveau syst\u00e8me s\u00e9curis\u00e9 du verrouillage automatique sur la base pour que les lames soient parfaitement immobilis\u00e9es lorsque vous verrouillez le bol.<\/p>\n<p>Action 3: Nettoyage facile: Nouveau clic pour s\u00e9parer le porte-lame en deux parties pour un nettoyage simplifi\u00e9.<\/p>\n<p>La mise en route du blender est facile et confortable, gr\u00e2ce au<strong>\u00a0bouton de s\u00e9lection aux bords textur\u00e9s<\/strong>\u00a0pour une rotation en douceur, \u00e0 la\u00a0<strong>poign\u00e9e ergonomique<\/strong>\u00a0pour une prise en main simple et intuitive et aux\u00a0<strong>ventouses sous la base arqu\u00e9e de l&rsquo;appareil<\/strong>\u00a0pour une stabilit\u00e9 accrue.<\/p>\n<p>D&rsquo;une g\u00e9n\u00e9reuse\u00a0<strong>capacit\u00e9 de 2 L<\/strong>, le bol est parfait pour toutes les occasions ! Un verre mesureur est aussi inclus pour encore plus de pr\u00e9cision.<\/p>\n<p>Profitez d&rsquo;une grande vari\u00e9t\u00e9 de mixages, comme les smoothies, les sauces, la p\u00e2te de piment et la glace pil\u00e9e, pour des pr\u00e9parations d\u00e9licieuses et parfaitement mix\u00e9es chaque jour.<\/p>\n<p>&nbsp;<\/p>\n<ul>\n<li>PUISSANT ET POLYVALENT\u00a0: Deux\u00a0vitesses   pulse, 600\u00a0W, pour des performances exceptionnelles et des r\u00e9sultats de mixage rapides<\/li>\n<li>TECHNOLOGIE SMART LOCK\u00a0: un mixage quotidien en toute facilit\u00e9 et tranquillit\u00e9 d&rsquo;esprit gr\u00e2ce \u00e0 un syst\u00e8me de verrouillage externe et \u00e0 une d\u00e9tection automatique de s\u00e9curit\u00e9 pour un mixage s\u00fbr au quotidien<\/li>\n<li>JUSQU&rsquo;\u00c0 3\u00a0MINUTES DE MIXAGE CONTINU\u00a0: mixage continu puissant jusqu&rsquo;\u00e0 3\u00a0minutes en continu sur les deux\u00a0vitesses (haute, basse) ainsi que sur la fonction\u00a0Pulse pour traiter une grande vari\u00e9t\u00e9 d&rsquo;ingr\u00e9dients en toute simplicit\u00e9<\/li>\n<li>UNE GLACE PIL\u00c9E ID\u00c9ALE\u00a0: des r\u00e9sultats exceptionnels qui n&rsquo;usent pas le moteur et n&rsquo;endommagent pas le bol<\/li>\n<li>STABILIT\u00c9 TOTALE\u00a0: le design intelligent avec des ventouses \u00e0 la base assure une stabilit\u00e9 totale pour un mixage plus d\u00e9tendu<\/li>\n<li>POIGN\u00c9E ERGONOMIQUE\u00a0: une poign\u00e9e confortable et facile \u00e0 saisir, ainsi qu&rsquo;une poign\u00e9e textur\u00e9e autour de l\u2019\u00e9cran, assurent un confort total et une grande facilit\u00e9 d&rsquo;utilisation<\/li>\n<\/ul>","protected":false},"excerpt":{"rendered":"<p>Action 1: Verrouillage facile: Nouveau verrouillage externe pour une fermeture plus confortable (40% plus facile \u00e0 verrouiller). Action 2: S\u00e9curit\u00e9<\/p>","protected":false},"featured_media":14193,"comment_status":"open","ping_status":"closed","template":"","meta":[],"product_cat":[291],"product_tag":[],"class_list":["post-14192","product","type-product","status-publish","has-post-thumbnail","hentry","product_cat-blender-robots"],"_links":{"self":[{"href":"https:\/\/ennorr.com\/ar\/wp-json\/wp\/v2\/product\/14192","targetHints":{"allow":["GET"]}}],"collection":[{"href":"https:\/\/ennorr.com\/ar\/wp-json\/wp\/v2\/product"}],"about":[{"href":"https:\/\/ennorr.com\/ar\/wp-json\/wp\/v2\/types\/product"}],"replies":[{"embeddable":true,"href":"https:\/\/ennorr.com\/ar\/wp-json\/wp\/v2\/comments?post=14192"}],"version-history":[{"count":1,"href":"https:\/\/ennorr.com\/ar\/wp-json\/wp\/v2\/product\/14192\/revisions"}],"predecessor-version":[{"id":14199,"href":"https:\/\/ennorr.com\/ar\/wp-json\/wp\/v2\/product\/14192\/revisions\/14199"}],"wp:featuredmedia":[{"embeddable":true,"href":"https:\/\/ennorr.com\/ar\/wp-json\/wp\/v2\/media\/14193"}],"wp:attachment":[{"href":"https:\/\/ennorr.com\/ar\/wp-json\/wp\/v2\/media?parent=14192"}],"wp:term":[{"taxonomy":"product_cat","embeddable":true,"href":"https:\/\/ennorr.com\/ar\/wp-json\/wp\/v2\/product_cat?post=14192"},{"taxonomy":"product_tag","embeddable":true,"href":"https:\/\/ennorr.com\/ar\/wp-json\/wp\/v2\/product_tag?post=14192"}],"curies":[{"name":"wp","href":"https:\/\/api.w.org\/{rel}","templated":true}]}}