{"id":14200,"date":"2023-05-17T09:53:00","date_gmt":"2023-05-17T08:53:00","guid":{"rendered":"https:\/\/ennorr.com\/?post_type=product&#038;p=14200"},"modified":"2025-10-25T05:04:25","modified_gmt":"2025-10-25T04:04:25","slug":"bosch-presse-agrumes-electrique-blanc-jaune","status":"publish","type":"product","link":"https:\/\/ennorr.com\/ar\/product\/bosch-presse-agrumes-electrique-blanc-jaune\/","title":{"rendered":"Bosch Presse Agrumes Electrique- Blanc\/Jaune"},"content":{"rendered":"<p>Presse-agrumes compact avec un grand r\u00e9servoir amovible et une excellente extraction de jus munis d&rsquo;un C\u00f4ne universel pour presser petits et grands fruits et double sens de rotation du c\u00f4ne pour une meilleure extraction du jus, d&rsquo;un Grand r\u00e9servoir amovible et gradu\u00e9 jusqu a 800 ml, sa Mise en marche automatique par simple pression facilite grandement l utilisation.<br \/>\nFacile \u00e0 nettoyer: les \u00e9l\u00e9ments passent au lave-vaisselle, il est equip\u00e9 d&rsquo;un Range-cordon et couvercle de protection pour faciliter le rangement<\/p>","protected":false},"excerpt":{"rendered":"<p>Presse-agrumes compact avec un grand r\u00e9servoir amovible et une excellente extraction de jus munis d&rsquo;un C\u00f4ne universel pour presser petits<\/p>","protected":false},"featured_media":14201,"comment_status":"open","ping_status":"closed","template":"","meta":[],"product_cat":[291],"product_tag":[],"class_list":["post-14200","product","type-product","status-publish","has-post-thumbnail","hentry","product_cat-blender-robots"],"_links":{"self":[{"href":"https:\/\/ennorr.com\/ar\/wp-json\/wp\/v2\/product\/14200","targetHints":{"allow":["GET"]}}],"collection":[{"href":"https:\/\/ennorr.com\/ar\/wp-json\/wp\/v2\/product"}],"about":[{"href":"https:\/\/ennorr.com\/ar\/wp-json\/wp\/v2\/types\/product"}],"replies":[{"embeddable":true,"href":"https:\/\/ennorr.com\/ar\/wp-json\/wp\/v2\/comments?post=14200"}],"version-history":[{"count":1,"href":"https:\/\/ennorr.com\/ar\/wp-json\/wp\/v2\/product\/14200\/revisions"}],"predecessor-version":[{"id":14209,"href":"https:\/\/ennorr.com\/ar\/wp-json\/wp\/v2\/product\/14200\/revisions\/14209"}],"wp:featuredmedia":[{"embeddable":true,"href":"https:\/\/ennorr.com\/ar\/wp-json\/wp\/v2\/media\/14201"}],"wp:attachment":[{"href":"https:\/\/ennorr.com\/ar\/wp-json\/wp\/v2\/media?parent=14200"}],"wp:term":[{"taxonomy":"product_cat","embeddable":true,"href":"https:\/\/ennorr.com\/ar\/wp-json\/wp\/v2\/product_cat?post=14200"},{"taxonomy":"product_tag","embeddable":true,"href":"https:\/\/ennorr.com\/ar\/wp-json\/wp\/v2\/product_tag?post=14200"}],"curies":[{"name":"wp","href":"https:\/\/api.w.org\/{rel}","templated":true}]}}