{"id":14210,"date":"2023-05-17T09:53:04","date_gmt":"2023-05-17T08:53:04","guid":{"rendered":"https:\/\/ennorr.com\/?post_type=product&#038;p=14210"},"modified":"2023-06-14T12:34:38","modified_gmt":"2023-06-14T11:34:38","slug":"bosch-batteur-clever-mix-300-w-blanc","status":"publish","type":"product","link":"https:\/\/ennorr.com\/ar\/product\/bosch-batteur-clever-mix-300-w-blanc\/","title":{"rendered":"Bosch Batteur Clever Mix &#8211; 300 W &#8211; Blanc"},"content":{"rendered":"<p>La marque Bosch repose sur l&rsquo;h\u00e9ritage de Robert Bosch son fondateur visionnaire pour qui seule l&rsquo;am\u00e9lioration du confort de vie l\u00e9gitimait les avanc\u00e9es technologiques.<\/p>\n<p>Bosch con\u00e7oit des appareils \u00e9lectrom\u00e9nagers s\u00fbrs, fiables et qui facilitent la vie.<\/p>","protected":false},"excerpt":{"rendered":"<p>La marque Bosch repose sur l&rsquo;h\u00e9ritage de Robert Bosch son fondateur visionnaire pour qui seule l&rsquo;am\u00e9lioration du confort de vie<\/p>","protected":false},"featured_media":14211,"comment_status":"open","ping_status":"closed","template":"","meta":[],"product_cat":[292],"product_tag":[],"class_list":["post-14210","product","type-product","status-publish","has-post-thumbnail","hentry","product_cat-battteurs"],"_links":{"self":[{"href":"https:\/\/ennorr.com\/ar\/wp-json\/wp\/v2\/product\/14210","targetHints":{"allow":["GET"]}}],"collection":[{"href":"https:\/\/ennorr.com\/ar\/wp-json\/wp\/v2\/product"}],"about":[{"href":"https:\/\/ennorr.com\/ar\/wp-json\/wp\/v2\/types\/product"}],"replies":[{"embeddable":true,"href":"https:\/\/ennorr.com\/ar\/wp-json\/wp\/v2\/comments?post=14210"}],"version-history":[{"count":1,"href":"https:\/\/ennorr.com\/ar\/wp-json\/wp\/v2\/product\/14210\/revisions"}],"predecessor-version":[{"id":14219,"href":"https:\/\/ennorr.com\/ar\/wp-json\/wp\/v2\/product\/14210\/revisions\/14219"}],"wp:featuredmedia":[{"embeddable":true,"href":"https:\/\/ennorr.com\/ar\/wp-json\/wp\/v2\/media\/14211"}],"wp:attachment":[{"href":"https:\/\/ennorr.com\/ar\/wp-json\/wp\/v2\/media?parent=14210"}],"wp:term":[{"taxonomy":"product_cat","embeddable":true,"href":"https:\/\/ennorr.com\/ar\/wp-json\/wp\/v2\/product_cat?post=14210"},{"taxonomy":"product_tag","embeddable":true,"href":"https:\/\/ennorr.com\/ar\/wp-json\/wp\/v2\/product_tag?post=14210"}],"curies":[{"name":"wp","href":"https:\/\/api.w.org\/{rel}","templated":true}]}}