{"id":14220,"date":"2023-05-17T09:53:10","date_gmt":"2023-05-17T08:53:10","guid":{"rendered":"https:\/\/ennorr.com\/?post_type=product&#038;p=14220"},"modified":"2025-08-12T12:08:59","modified_gmt":"2025-08-12T11:08:59","slug":"moulinex-blender-genuine-500w-bol-plastique-blanc","status":"publish","type":"product","link":"https:\/\/ennorr.com\/ar\/product\/moulinex-blender-genuine-500w-bol-plastique-blanc\/","title":{"rendered":"Moulinex Blender &#8211; Genuine &#8211; 500W &#8211; Bol Plastique &#8211; Blanc"},"content":{"rendered":"<p>Laissez\u00a0<strong>Moulinex Genuine<\/strong>\u00a0\u00eatre le compagnon de mixage rapide et facile dont vous avez besoin. Dot\u00e9 de lames robustes en acier inoxydable et de notre\u00a0<strong>mat\u00e9riau Zelkrom<\/strong>, ce mixeur de cuisine durable est\u00a0<strong>fabriqu\u00e9 en France<\/strong>\u00a0et con\u00e7u pour durer. Id\u00e9al pour pr\u00e9parer des jus, des smoothies, des soupes, des sauces et bien plus encore, il est livr\u00e9 avec un\u00a0<strong>accessoire de broyage en acier inoxydable robuste<\/strong>, facile \u00e0 nettoyer et sans odeur &#8211; parfait pour broyer toutes sortes d&rsquo;ingr\u00e9dients. Sa vitesse unique avec fonction d&rsquo;impulsion garantit des r\u00e9sultats rapides et uniformes sur simple pression d&rsquo;un bouton, tandis que ses\u00a0<strong>quatre lames fixes<\/strong>\u00a0assurent un meilleur \u00e9coulement des aliments et des performances accrues. Le tout est compl\u00e9t\u00e9 par une g\u00e9n\u00e9reuse capacit\u00e9 de\u00a0<strong>1,75 L<\/strong>, parfaite pour la famille et les amis, un puissant moteur de\u00a0<strong>500 W<\/strong>\u00a0et un\u00a0<strong>gobelet doseur<\/strong>\u00a0inclus pour faciliter le dosage de petites quantit\u00e9s.<\/p>\n<p>&nbsp;<\/p>\n<ul>\n<li>V\u00e9ritable blender de cuisine : Plus de 45 ans de savoir-faire fran\u00e7ais<\/li>\n<li>Robuste mixeur culinaire : Lames en acier inoxydable avec mat\u00e9riau Zelkrom pour des performances durables.<\/li>\n<li>Fabriqu\u00e9 en France depuis 1972<\/li>\n<li>Construit pour durer : Fibres de verre sur le conducteur pour rendre votre blender plus robuste dans le temps.<\/li>\n<li>Des r\u00e9sultats homog\u00e8nes : Une seule vitesse et une fonction pulse tr\u00e8s pratique<\/li>\n<li>Quatre lames fixes : Am\u00e9lioration de la circulation des aliments et des performances<\/li>\n<li>Capacit\u00e9 g\u00e9n\u00e9reuse du pot : 1,75 L avec des rep\u00e8res de mesure pratiques<\/li>\n<li>Puissant : 500 W<\/li>\n<li>Gobelet doseur : Parfait pour ajouter de petites quantit\u00e9s pendant le mixage<\/li>\n<\/ul>\n<p>&nbsp;<\/p>","protected":false},"excerpt":{"rendered":"<p>Laissez\u00a0Moulinex Genuine\u00a0\u00eatre le compagnon de mixage rapide et facile dont vous avez besoin. Dot\u00e9 de lames robustes en acier inoxydable<\/p>","protected":false},"featured_media":14221,"comment_status":"open","ping_status":"closed","template":"","meta":[],"product_cat":[291],"product_tag":[],"class_list":["post-14220","product","type-product","status-publish","has-post-thumbnail","hentry","product_cat-blender-robots"],"_links":{"self":[{"href":"https:\/\/ennorr.com\/ar\/wp-json\/wp\/v2\/product\/14220","targetHints":{"allow":["GET"]}}],"collection":[{"href":"https:\/\/ennorr.com\/ar\/wp-json\/wp\/v2\/product"}],"about":[{"href":"https:\/\/ennorr.com\/ar\/wp-json\/wp\/v2\/types\/product"}],"replies":[{"embeddable":true,"href":"https:\/\/ennorr.com\/ar\/wp-json\/wp\/v2\/comments?post=14220"}],"version-history":[{"count":1,"href":"https:\/\/ennorr.com\/ar\/wp-json\/wp\/v2\/product\/14220\/revisions"}],"predecessor-version":[{"id":14225,"href":"https:\/\/ennorr.com\/ar\/wp-json\/wp\/v2\/product\/14220\/revisions\/14225"}],"wp:featuredmedia":[{"embeddable":true,"href":"https:\/\/ennorr.com\/ar\/wp-json\/wp\/v2\/media\/14221"}],"wp:attachment":[{"href":"https:\/\/ennorr.com\/ar\/wp-json\/wp\/v2\/media?parent=14220"}],"wp:term":[{"taxonomy":"product_cat","embeddable":true,"href":"https:\/\/ennorr.com\/ar\/wp-json\/wp\/v2\/product_cat?post=14220"},{"taxonomy":"product_tag","embeddable":true,"href":"https:\/\/ennorr.com\/ar\/wp-json\/wp\/v2\/product_tag?post=14220"}],"curies":[{"name":"wp","href":"https:\/\/api.w.org\/{rel}","templated":true}]}}