{"id":14226,"date":"2023-05-17T09:53:11","date_gmt":"2023-05-17T08:53:11","guid":{"rendered":"https:\/\/ennorr.com\/?post_type=product&#038;p=14226"},"modified":"2026-02-24T14:49:54","modified_gmt":"2026-02-24T13:49:54","slug":"moulinex-mixeur-plongeant-easychef-450-w-blanc","status":"publish","type":"product","link":"https:\/\/ennorr.com\/ar\/product\/moulinex-mixeur-plongeant-easychef-450-w-blanc\/","title":{"rendered":"Moulinex Mixeur Plongeant &#8211; Easychef &#8211; 450 W &#8211; Blanc"},"content":{"rendered":"<p>e mixeur manuel Easychef de Moulinex garantit des r\u00e9sultats parfaits pour une grande vari\u00e9t\u00e9 de recettes d\u00e9licieuses, avec des caract\u00e9ristiques pratiques con\u00e7ues pour faciliter la cuisine au quotidien.<br \/>\nLa<strong>\u00a0puissance de 450W<\/strong>\u00a0assure une performance rapide et efficace, avec des lames de haute qualit\u00e9 pour des r\u00e9sultats lisses et homog\u00e8nes et\u00a0<strong>deux r\u00e9glages de vitesse\u00a0<\/strong>pour couvrir tous vos besoins culinaires. \u00a0 Donnez un coup de pouce \u00e0 votre cuisine en pr\u00e9parant des cr\u00e8mes, des sauces, des desserts et bien plus encore. Dot\u00e9 d&rsquo;une\u00a0<strong>puissance de 450W\u00a0<\/strong>pour des performances efficaces, il est \u00e9quip\u00e9 de\u00a0<strong>lames ZELKROM ultra-r\u00e9sistantes<\/strong>\u00a0pour des r\u00e9sultats parfaitement lisses.<br \/>\nL&rsquo;utilisation de votre mixeur plongeant ne pourrait pas \u00eatre plus facile, avec un seul bouton pour<strong>\u00a0deux contr\u00f4les de vitesse\u00a0<\/strong>simples, y compris le\u00a0<strong>r\u00e9glage TURBO<\/strong>\u00a0pour une puissance maximale pour mixer m\u00eame les ingr\u00e9dients les plus difficiles.\u00a0Les pi\u00e8ces amovibles lavables au lave-vaisselle facilitent le nettoyage, un\u00a0<strong>pied\u00a0<\/strong><b>anti\u00e9claboussures<\/b>\u00a0prot\u00e8ge contre les d\u00e9g\u00e2ts et les \u00e9claboussures, et la\u00a0<strong>poign\u00e9e ergonomique textur\u00e9e<\/strong>\u00a0ajoute confort et facilit\u00e9.\u00a0Tout cela, avec deux accessoires pour une polyvalence maximale et une conception robuste et durable pour un mixage parfait construit pour durer.<\/p>","protected":false},"excerpt":{"rendered":"<p>e mixeur manuel Easychef de Moulinex garantit des r\u00e9sultats parfaits pour une grande vari\u00e9t\u00e9 de recettes d\u00e9licieuses, avec des caract\u00e9ristiques<\/p>","protected":false},"featured_media":14227,"comment_status":"open","ping_status":"closed","template":"","meta":[],"product_cat":[293],"product_tag":[],"class_list":["post-14226","product","type-product","status-publish","has-post-thumbnail","hentry","product_cat-bras-mixeur"],"_links":{"self":[{"href":"https:\/\/ennorr.com\/ar\/wp-json\/wp\/v2\/product\/14226","targetHints":{"allow":["GET"]}}],"collection":[{"href":"https:\/\/ennorr.com\/ar\/wp-json\/wp\/v2\/product"}],"about":[{"href":"https:\/\/ennorr.com\/ar\/wp-json\/wp\/v2\/types\/product"}],"replies":[{"embeddable":true,"href":"https:\/\/ennorr.com\/ar\/wp-json\/wp\/v2\/comments?post=14226"}],"version-history":[{"count":1,"href":"https:\/\/ennorr.com\/ar\/wp-json\/wp\/v2\/product\/14226\/revisions"}],"predecessor-version":[{"id":14232,"href":"https:\/\/ennorr.com\/ar\/wp-json\/wp\/v2\/product\/14226\/revisions\/14232"}],"wp:featuredmedia":[{"embeddable":true,"href":"https:\/\/ennorr.com\/ar\/wp-json\/wp\/v2\/media\/14227"}],"wp:attachment":[{"href":"https:\/\/ennorr.com\/ar\/wp-json\/wp\/v2\/media?parent=14226"}],"wp:term":[{"taxonomy":"product_cat","embeddable":true,"href":"https:\/\/ennorr.com\/ar\/wp-json\/wp\/v2\/product_cat?post=14226"},{"taxonomy":"product_tag","embeddable":true,"href":"https:\/\/ennorr.com\/ar\/wp-json\/wp\/v2\/product_tag?post=14226"}],"curies":[{"name":"wp","href":"https:\/\/api.w.org\/{rel}","templated":true}]}}