{"id":14238,"date":"2023-05-17T09:53:16","date_gmt":"2023-05-17T08:53:16","guid":{"rendered":"https:\/\/ennorr.com\/?post_type=product&#038;p=14238"},"modified":"2023-06-14T12:31:57","modified_gmt":"2023-06-14T11:31:57","slug":"bosch-mini-hachoir-400w-rouge","status":"publish","type":"product","link":"https:\/\/ennorr.com\/ar\/product\/bosch-mini-hachoir-400w-rouge\/","title":{"rendered":"Bosch Mini Hachoir &#8211; 400W &#8211; Rouge"},"content":{"rendered":"<p>Mini-hachoir compact et universel pour hacher et m\u00e9langer rapidement afin de gagner du temps. Nettoyage facile gr\u00e2ce aux accessoires lavables au lave-vaisselle .Facile \u00e0 ranger gr\u00e2ce \u00e0 son format compact .La gamme d&rsquo;appareils \u00e9lectrom\u00e9nagers Bosch se distingue par sa vari\u00e9t\u00e9 de mod\u00e8les r\u00e9pondant aux moindres de vos exigences mais \u00e9galement par la multitude d&rsquo;innovations qu&rsquo;elle renferme afin de vous faciliter la vie.Moteur puissant avec 400 watts<br \/>\nFacile \u00e0 nettoyer gr\u00e2ce aux accessoires r\u00e9sistants au lave-vaisselle<br \/>\nFacile \u00e0 ranger gr\u00e2ce au design compact<br \/>\nPichet lave-vaisselle et micro-ondes de 800 ml de capacit\u00e9<br \/>\nDisque \u00e0 battre pour battre la cr\u00e8me ou les blancs d&rsquo;\u0153uf.<\/p>","protected":false},"excerpt":{"rendered":"<p>Mini-hachoir compact et universel pour hacher et m\u00e9langer rapidement afin de gagner du temps. Nettoyage facile gr\u00e2ce aux accessoires lavables<\/p>","protected":false},"featured_media":14239,"comment_status":"open","ping_status":"closed","template":"","meta":[],"product_cat":[294],"product_tag":[],"class_list":["post-14238","product","type-product","status-publish","has-post-thumbnail","hentry","product_cat-hachoir"],"_links":{"self":[{"href":"https:\/\/ennorr.com\/ar\/wp-json\/wp\/v2\/product\/14238","targetHints":{"allow":["GET"]}}],"collection":[{"href":"https:\/\/ennorr.com\/ar\/wp-json\/wp\/v2\/product"}],"about":[{"href":"https:\/\/ennorr.com\/ar\/wp-json\/wp\/v2\/types\/product"}],"replies":[{"embeddable":true,"href":"https:\/\/ennorr.com\/ar\/wp-json\/wp\/v2\/comments?post=14238"}],"version-history":[{"count":1,"href":"https:\/\/ennorr.com\/ar\/wp-json\/wp\/v2\/product\/14238\/revisions"}],"predecessor-version":[{"id":14244,"href":"https:\/\/ennorr.com\/ar\/wp-json\/wp\/v2\/product\/14238\/revisions\/14244"}],"wp:featuredmedia":[{"embeddable":true,"href":"https:\/\/ennorr.com\/ar\/wp-json\/wp\/v2\/media\/14239"}],"wp:attachment":[{"href":"https:\/\/ennorr.com\/ar\/wp-json\/wp\/v2\/media?parent=14238"}],"wp:term":[{"taxonomy":"product_cat","embeddable":true,"href":"https:\/\/ennorr.com\/ar\/wp-json\/wp\/v2\/product_cat?post=14238"},{"taxonomy":"product_tag","embeddable":true,"href":"https:\/\/ennorr.com\/ar\/wp-json\/wp\/v2\/product_tag?post=14238"}],"curies":[{"name":"wp","href":"https:\/\/api.w.org\/{rel}","templated":true}]}}