{"id":14249,"date":"2023-05-17T09:53:21","date_gmt":"2023-05-17T08:53:21","guid":{"rendered":"https:\/\/ennorr.com\/?post_type=product&#038;p=14249"},"modified":"2025-10-25T05:06:13","modified_gmt":"2025-10-25T04:06:13","slug":"moulinex-hachoir-la-moulinette-1000-w-blanc","status":"publish","type":"product","link":"https:\/\/ennorr.com\/ar\/product\/moulinex-hachoir-la-moulinette-1000-w-blanc\/","title":{"rendered":"Moulinex Hachoir &#8211; La Moulinette &#8211; 1000 W &#8211; Blanc"},"content":{"rendered":"<p>achez tous types d&rsquo;aliments avec\u00a0<strong>La Moulinette<\/strong>\u00a0! Ultra puissante, La Moulinette\u00a0<strong>1000 W<\/strong>\u00a0est associ\u00e9e \u00e0 la technologie exclusive des\u00a0<strong>lames Powelix<\/strong>\u00a0pour hacher efficacement et en quelques secondes les ingr\u00e9dients les plus difficiles (oignons, ail, fines herbes, viande, noix, etc.). Gardez un contr\u00f4le total gr\u00e2ce au syst\u00e8me pratique de pression simple 1-2-3 et au\u00a0<strong>grand bol transparent de 500 ml<\/strong>\u00a0offrant une vue directe sur votre pr\u00e9paration. \u00a0 Facile comme 1-2-3 ! Avec\u00a0<strong>La Moulinette 1000 W<\/strong>, il est facile de hacher efficacement. Gr\u00e2ce \u00e0 la technologie exclusive des\u00a0<strong>lames Powelix<\/strong>, ses deux lames ultra tranchantes s&rsquo;attaquent \u00e0 tout, de la viande crue aux herbes aromatiques, en quelques secondes. Son puissant\u00a0<strong>moteur de 1000W\u00a0<\/strong>permet d&rsquo;obtenir des r\u00e9sultats efficaces et rapides. Il est dot\u00e9 d&rsquo;un\u00a0<strong>syst\u00e8me de protection du moteur int\u00e9gr\u00e9<\/strong>\u00a0pour \u00e9viter toute surchauffe, offrant ainsi une s\u00e9curit\u00e9 accrue et une dur\u00e9e de vie prolong\u00e9e du moteur. Ses<strong>\u00a0fonctions 4 en 1<\/strong>\u00a0en font l&rsquo;auxiliaire id\u00e9al\u00a0de votre cuisine quotidienne ! Hachez, \u00e9mincez, m\u00e9langez et broyez dans un\u00a0<strong>grand bol de 500 ml<\/strong>\u00a0offrant une grande capacit\u00e9. De nombreuses caract\u00e9ristiques pratiques compl\u00e8tent l&rsquo;appareil : syst\u00e8me pratique de pression simple 1-2-3 pour des r\u00e9sultats rapides, carafe transparente pour une visualisation directe de votre pr\u00e9paration, montage facile et pi\u00e8ces amovibles compatibles avec le lave-vaisselle pour un nettoyage facile.<\/p>","protected":false},"excerpt":{"rendered":"<p>achez tous types d&rsquo;aliments avec\u00a0La Moulinette\u00a0! Ultra puissante, La Moulinette\u00a01000 W\u00a0est associ\u00e9e \u00e0 la technologie exclusive des\u00a0lames Powelix\u00a0pour hacher efficacement<\/p>","protected":false},"featured_media":14250,"comment_status":"open","ping_status":"closed","template":"","meta":[],"product_cat":[294],"product_tag":[],"class_list":["post-14249","product","type-product","status-publish","has-post-thumbnail","hentry","product_cat-hachoir"],"_links":{"self":[{"href":"https:\/\/ennorr.com\/ar\/wp-json\/wp\/v2\/product\/14249","targetHints":{"allow":["GET"]}}],"collection":[{"href":"https:\/\/ennorr.com\/ar\/wp-json\/wp\/v2\/product"}],"about":[{"href":"https:\/\/ennorr.com\/ar\/wp-json\/wp\/v2\/types\/product"}],"replies":[{"embeddable":true,"href":"https:\/\/ennorr.com\/ar\/wp-json\/wp\/v2\/comments?post=14249"}],"version-history":[{"count":1,"href":"https:\/\/ennorr.com\/ar\/wp-json\/wp\/v2\/product\/14249\/revisions"}],"predecessor-version":[{"id":14255,"href":"https:\/\/ennorr.com\/ar\/wp-json\/wp\/v2\/product\/14249\/revisions\/14255"}],"wp:featuredmedia":[{"embeddable":true,"href":"https:\/\/ennorr.com\/ar\/wp-json\/wp\/v2\/media\/14250"}],"wp:attachment":[{"href":"https:\/\/ennorr.com\/ar\/wp-json\/wp\/v2\/media?parent=14249"}],"wp:term":[{"taxonomy":"product_cat","embeddable":true,"href":"https:\/\/ennorr.com\/ar\/wp-json\/wp\/v2\/product_cat?post=14249"},{"taxonomy":"product_tag","embeddable":true,"href":"https:\/\/ennorr.com\/ar\/wp-json\/wp\/v2\/product_tag?post=14249"}],"curies":[{"name":"wp","href":"https:\/\/api.w.org\/{rel}","templated":true}]}}