{"id":14256,"date":"2023-05-17T09:53:25","date_gmt":"2023-05-17T08:53:25","guid":{"rendered":"https:\/\/ennorr.com\/?post_type=product&#038;p=14256"},"modified":"2026-02-24T14:50:48","modified_gmt":"2026-02-24T13:50:48","slug":"tefal-plancha-booster","status":"publish","type":"product","link":"https:\/\/ennorr.com\/ar\/product\/tefal-plancha-booster\/","title":{"rendered":"Tefal Plancha booster"},"content":{"rendered":"<p>D\u00e9couvrez la plancha qui vous permettra d\u2019am\u00e9liorer votre exp\u00e9rience en mati\u00e8re de grillades\u00a0: le barbecue \u00e9lectrique Tefal Plancha Booster. Cette plancha est id\u00e9ale pour les amateurs de viande, puisqu\u2019elle est dot\u00e9e d\u2019une zone Power Boost dont la puissance peut aller jusqu\u2019\u00e0 2\u00a0200\u00a0W pour saisir \u00e0 la perfection de gros morceaux de viande\u00a0! Appuyez simplement sur un bouton pour saisir votre viande sur la moiti\u00e9 Power Boost de la plancha, tout en cuisant les aliments plus d\u00e9licats \u00e0 une temp\u00e9rature plus basse sur l\u2019autre moiti\u00e9. Vous pouvez \u00e9galement utiliser toute votre plancha pour une cuisson \u00e0 une temp\u00e9rature plus basse. Pour les \u00e9pais morceaux de viande et de poisson, les \u0153ufs, les l\u00e9gumes et m\u00eame les fruits, ce barbecue \u00e9lectrique d\u2019int\u00e9rieur tr\u00e8s efficace participera \u00e0 coup s\u00fbr \u00e0 la cr\u00e9ation de souvenirs durables en famille et entre amis. Sa surface antiadh\u00e9sive est id\u00e9ale pour une cuisson saine sans ajouter d\u2019huile, ainsi que pour un nettoyage simple, tandis que le thermostat r\u00e9glable du barbecue avec ses cinq positions de cuisson s\u2019adapte en fonction des ingr\u00e9dients. Avec une surface de cuisson extra-large, pour 10\u00a0convives affam\u00e9s, et un \u00e9ventail de fonctions avanc\u00e9es, am\u00e9liorez votre exp\u00e9rience en mati\u00e8re de grillades avec Plancha Booster.<\/p>","protected":false},"excerpt":{"rendered":"<p>D\u00e9couvrez la plancha qui vous permettra d\u2019am\u00e9liorer votre exp\u00e9rience en mati\u00e8re de grillades\u00a0: le barbecue \u00e9lectrique Tefal Plancha Booster. Cette<\/p>","protected":false},"featured_media":14257,"comment_status":"open","ping_status":"closed","template":"","meta":[],"product_cat":[296],"product_tag":[],"class_list":["post-14256","product","type-product","status-publish","has-post-thumbnail","hentry","product_cat-grill-friteuses"],"_links":{"self":[{"href":"https:\/\/ennorr.com\/ar\/wp-json\/wp\/v2\/product\/14256","targetHints":{"allow":["GET"]}}],"collection":[{"href":"https:\/\/ennorr.com\/ar\/wp-json\/wp\/v2\/product"}],"about":[{"href":"https:\/\/ennorr.com\/ar\/wp-json\/wp\/v2\/types\/product"}],"replies":[{"embeddable":true,"href":"https:\/\/ennorr.com\/ar\/wp-json\/wp\/v2\/comments?post=14256"}],"version-history":[{"count":1,"href":"https:\/\/ennorr.com\/ar\/wp-json\/wp\/v2\/product\/14256\/revisions"}],"predecessor-version":[{"id":14263,"href":"https:\/\/ennorr.com\/ar\/wp-json\/wp\/v2\/product\/14256\/revisions\/14263"}],"wp:featuredmedia":[{"embeddable":true,"href":"https:\/\/ennorr.com\/ar\/wp-json\/wp\/v2\/media\/14257"}],"wp:attachment":[{"href":"https:\/\/ennorr.com\/ar\/wp-json\/wp\/v2\/media?parent=14256"}],"wp:term":[{"taxonomy":"product_cat","embeddable":true,"href":"https:\/\/ennorr.com\/ar\/wp-json\/wp\/v2\/product_cat?post=14256"},{"taxonomy":"product_tag","embeddable":true,"href":"https:\/\/ennorr.com\/ar\/wp-json\/wp\/v2\/product_tag?post=14256"}],"curies":[{"name":"wp","href":"https:\/\/api.w.org\/{rel}","templated":true}]}}