{"id":14264,"date":"2023-05-17T09:53:30","date_gmt":"2023-05-17T08:53:30","guid":{"rendered":"https:\/\/ennorr.com\/?post_type=product&#038;p=14264"},"modified":"2025-07-28T00:10:52","modified_gmt":"2025-07-27T23:10:52","slug":"moulinex-batteur-easy-max-5v-200w-blanc-rouge","status":"publish","type":"product","link":"https:\/\/ennorr.com\/ar\/product\/moulinex-batteur-easy-max-5v-200w-blanc-rouge\/","title":{"rendered":"Moulinex Batteur &#8211; Easy Max &#8211; 5V 200W &#8211; Blanc\/Rouge"},"content":{"rendered":"<h3 class=\"a-spacing-mini\">Rapide, facile \u00e0 utiliser et toujours \u00e0 port\u00e9e de main!<\/h3>\n<p>&nbsp;<\/p>\n<p>Batteur Moulinex Easymax Ergonomique et ultra pratique, son bouton de commande unique permet de choisir la vitesse ou d&rsquo;\u00e9jecter les fouets.<\/p>\n<p>Gr\u00e2ce \u00e0 ses 200 watts de puissance, ses 5 vitesses et ses 2 jeux de fouets, blancs en neige ou cr\u00e8mes fouett\u00e9es sont pr\u00e9par\u00e9s facilement et<\/p>\n<p>rapidement.<\/p>\n<p>Compact, votre batteur Easymax sera toujours \u00e0 port\u00e9e de main pour vous aider \u00e0 r\u00e9aliser de d\u00e9licieux g\u00e2teaux et trouvera ais\u00e9ment sa place<\/p>\n<p>dans votre cuisine.<\/p>","protected":false},"excerpt":{"rendered":"<p>Rapide, facile \u00e0 utiliser et toujours \u00e0 port\u00e9e de main! &nbsp; Batteur Moulinex Easymax Ergonomique et ultra pratique, son bouton<\/p>","protected":false},"featured_media":14265,"comment_status":"open","ping_status":"closed","template":"","meta":[],"product_cat":[292],"product_tag":[],"class_list":["post-14264","product","type-product","status-publish","has-post-thumbnail","hentry","product_cat-battteurs"],"_links":{"self":[{"href":"https:\/\/ennorr.com\/ar\/wp-json\/wp\/v2\/product\/14264","targetHints":{"allow":["GET"]}}],"collection":[{"href":"https:\/\/ennorr.com\/ar\/wp-json\/wp\/v2\/product"}],"about":[{"href":"https:\/\/ennorr.com\/ar\/wp-json\/wp\/v2\/types\/product"}],"replies":[{"embeddable":true,"href":"https:\/\/ennorr.com\/ar\/wp-json\/wp\/v2\/comments?post=14264"}],"version-history":[{"count":1,"href":"https:\/\/ennorr.com\/ar\/wp-json\/wp\/v2\/product\/14264\/revisions"}],"predecessor-version":[{"id":14270,"href":"https:\/\/ennorr.com\/ar\/wp-json\/wp\/v2\/product\/14264\/revisions\/14270"}],"wp:featuredmedia":[{"embeddable":true,"href":"https:\/\/ennorr.com\/ar\/wp-json\/wp\/v2\/media\/14265"}],"wp:attachment":[{"href":"https:\/\/ennorr.com\/ar\/wp-json\/wp\/v2\/media?parent=14264"}],"wp:term":[{"taxonomy":"product_cat","embeddable":true,"href":"https:\/\/ennorr.com\/ar\/wp-json\/wp\/v2\/product_cat?post=14264"},{"taxonomy":"product_tag","embeddable":true,"href":"https:\/\/ennorr.com\/ar\/wp-json\/wp\/v2\/product_tag?post=14264"}],"curies":[{"name":"wp","href":"https:\/\/api.w.org\/{rel}","templated":true}]}}