{"id":14284,"date":"2023-05-17T09:53:38","date_gmt":"2023-05-17T08:53:38","guid":{"rendered":"https:\/\/ennorr.com\/?post_type=product&#038;p=14284"},"modified":"2026-02-24T14:49:39","modified_gmt":"2026-02-24T13:49:39","slug":"moulinex-hachoir-multi-moulinette-6-en-1-blanc","status":"publish","type":"product","link":"https:\/\/ennorr.com\/ar\/product\/moulinex-hachoir-multi-moulinette-6-en-1-blanc\/","title":{"rendered":"Moulinex Hachoir Multi-Moulinette &#8211; 6 En 1 &#8211; Blanc"},"content":{"rendered":"<p>Le hachoir Moulinex multi moulinette AT723110 vous offre 6 fonctions diff\u00e9rentes ! Il est, en effet, dot\u00e9 d&rsquo;une double lame lisse pour ciseler, hacher, mixer&#8230; Il poss\u00e8de aussi une double lame crant\u00e9e pour piler la glace, moudre ou broyer. Enfin, vous b\u00e9n\u00e9ficiez de son disque \u00e9mulsionneur pour vos sauces et \u00e9mulsions.<\/p>\n<p>Ce hachoir Moulinex est \u00e9galement muni d&rsquo;un bol avec une large capacit\u00e9 allant jusqu&rsquo;\u00e0 500 ml ou 300 g. C&rsquo;est id\u00e9al pour pr\u00e9parer de grande quantit\u00e9 de nourriture en m\u00eame temps. Ainsi, vous faites plaisir \u00e0 toute votre famille et vous cuisinez plus rapidement.<\/p>","protected":false},"excerpt":{"rendered":"<p>Le hachoir Moulinex multi moulinette AT723110 vous offre 6 fonctions diff\u00e9rentes ! Il est, en effet, dot\u00e9 d&rsquo;une double lame<\/p>","protected":false},"featured_media":14285,"comment_status":"open","ping_status":"closed","template":"","meta":[],"product_cat":[294],"product_tag":[],"class_list":["post-14284","product","type-product","status-publish","has-post-thumbnail","hentry","product_cat-hachoir"],"_links":{"self":[{"href":"https:\/\/ennorr.com\/ar\/wp-json\/wp\/v2\/product\/14284","targetHints":{"allow":["GET"]}}],"collection":[{"href":"https:\/\/ennorr.com\/ar\/wp-json\/wp\/v2\/product"}],"about":[{"href":"https:\/\/ennorr.com\/ar\/wp-json\/wp\/v2\/types\/product"}],"replies":[{"embeddable":true,"href":"https:\/\/ennorr.com\/ar\/wp-json\/wp\/v2\/comments?post=14284"}],"version-history":[{"count":1,"href":"https:\/\/ennorr.com\/ar\/wp-json\/wp\/v2\/product\/14284\/revisions"}],"predecessor-version":[{"id":14291,"href":"https:\/\/ennorr.com\/ar\/wp-json\/wp\/v2\/product\/14284\/revisions\/14291"}],"wp:featuredmedia":[{"embeddable":true,"href":"https:\/\/ennorr.com\/ar\/wp-json\/wp\/v2\/media\/14285"}],"wp:attachment":[{"href":"https:\/\/ennorr.com\/ar\/wp-json\/wp\/v2\/media?parent=14284"}],"wp:term":[{"taxonomy":"product_cat","embeddable":true,"href":"https:\/\/ennorr.com\/ar\/wp-json\/wp\/v2\/product_cat?post=14284"},{"taxonomy":"product_tag","embeddable":true,"href":"https:\/\/ennorr.com\/ar\/wp-json\/wp\/v2\/product_tag?post=14284"}],"curies":[{"name":"wp","href":"https:\/\/api.w.org\/{rel}","templated":true}]}}