{"id":14292,"date":"2023-05-17T09:53:41","date_gmt":"2023-05-17T08:53:41","guid":{"rendered":"https:\/\/ennorr.com\/?post_type=product&#038;p=14292"},"modified":"2026-02-24T14:41:48","modified_gmt":"2026-02-24T13:41:48","slug":"autocuiseur-seb-precision-4-5l","status":"publish","type":"product","link":"https:\/\/ennorr.com\/ar\/product\/autocuiseur-seb-precision-4-5l\/","title":{"rendered":"Autocuiseur SEB Precision 4.5L"},"content":{"rendered":"<ul>\n<li><strong>Clipso  Precision poign\u00e9es fixes 4,5L<\/strong><br \/>\nNe perdez plus de temps avec le\u00a0<strong>Clipso  Precision<\/strong>\u00a0! Son ouverture se fait d&rsquo;une seule main. Ce n&rsquo;est pas seulement facile, c&rsquo;est intelligent. \u00a0 Son\u00a0<strong>minuteur intelligent<\/strong>\u00a0vous aidera dans la pr\u00e9paration de d\u00e9licieux repas. Une fois que la temp\u00e9rature appropri\u00e9e est atteinte, le minuteur d\u00e9marre et vous avertit lorsque la cuisson est id\u00e9ale. Les deux programmes de cuisson de cette\u00a0<strong>cocotte-minute\u00ae<\/strong>\u00a0vous permettent de cuire vos l\u00e9gumes, viandes et poissons \u00e0 temp\u00e9rature id\u00e9ale, tout en conservant un maximum de vitamines et de nutriments. Son ouverture facile d&rsquo;une seule main le rend facile \u00e0 utiliser. Durable, il est compatible lave-vaisselle (sauf joint et minuteur), pour un nettoyage facilit\u00e9. Cet autocuiseur est accompagn\u00e9 d&rsquo;un\u00a0<strong>panier vapeur<\/strong>\u00a0pratique en acier inoxydable et d&rsquo;un livret de recettes ; de plus, vous pouvez acc\u00e9der \u00e0 encore plus de recettes d\u00e9licieuses via l&rsquo;application Smart&amp;Tasty. Compatible tous feux dont induction.<\/p>\n<ul>\n<li>CUISSON SOUS PRESSION : autocuiseur 4,5L avec 2 programmes de cuisson l\u00e9gumes\/viande pour une cuisson parfaite de vos aliments, compatible tous feux dont induction<\/li>\n<li>MINUTEUR INTELLIGENT pour ma\u00eetriser parfaitement les temps de cuisson de vos recettes, il d\u00e9marre automatiquement lorsque la temp\u00e9rature id\u00e9ale de cuisson est atteinte<\/li>\n<li>FACILE A UTILISER : ouverture\/fermeture d&rsquo;une seule main ; cuve compatible lave-vaisselle<\/li>\n<li>INCLUS : panier vapeur en acier inoxydable, livret recettes et application mobile gratuite de 300 recettes Smart &amp; Tasty<\/li>\n<li>FABRIQUE EN FRANCE, cuve de la cocotte-minute<strong>\u00ae<\/strong>\u00a0en acier inoxydable, compatible tous feux dont induction<\/li>\n<li>ACCESSOIRES COMPATIBLES : panier vapeur SS-981297, joint X1010004, minuteur X1060005, poign\u00e9e rouge\u00a0SS-981313<\/li>\n<\/ul>\n<\/li>\n<\/ul>","protected":false},"excerpt":{"rendered":"<p>Clipso Precision poign\u00e9es fixes 4,5L Ne perdez plus de temps avec le\u00a0Clipso Precision\u00a0! Son ouverture se fait d&rsquo;une seule main.<\/p>","protected":false},"featured_media":14181,"comment_status":"open","ping_status":"closed","template":"","meta":[],"product_cat":[289],"product_tag":[],"class_list":["post-14292","product","type-product","status-publish","has-post-thumbnail","hentry","product_cat-cocottes"],"_links":{"self":[{"href":"https:\/\/ennorr.com\/ar\/wp-json\/wp\/v2\/product\/14292","targetHints":{"allow":["GET"]}}],"collection":[{"href":"https:\/\/ennorr.com\/ar\/wp-json\/wp\/v2\/product"}],"about":[{"href":"https:\/\/ennorr.com\/ar\/wp-json\/wp\/v2\/types\/product"}],"replies":[{"embeddable":true,"href":"https:\/\/ennorr.com\/ar\/wp-json\/wp\/v2\/comments?post=14292"}],"version-history":[{"count":1,"href":"https:\/\/ennorr.com\/ar\/wp-json\/wp\/v2\/product\/14292\/revisions"}],"predecessor-version":[{"id":14293,"href":"https:\/\/ennorr.com\/ar\/wp-json\/wp\/v2\/product\/14292\/revisions\/14293"}],"wp:featuredmedia":[{"embeddable":true,"href":"https:\/\/ennorr.com\/ar\/wp-json\/wp\/v2\/media\/14181"}],"wp:attachment":[{"href":"https:\/\/ennorr.com\/ar\/wp-json\/wp\/v2\/media?parent=14292"}],"wp:term":[{"taxonomy":"product_cat","embeddable":true,"href":"https:\/\/ennorr.com\/ar\/wp-json\/wp\/v2\/product_cat?post=14292"},{"taxonomy":"product_tag","embeddable":true,"href":"https:\/\/ennorr.com\/ar\/wp-json\/wp\/v2\/product_tag?post=14292"}],"curies":[{"name":"wp","href":"https:\/\/api.w.org\/{rel}","templated":true}]}}