{"id":14297,"date":"2023-05-17T09:53:42","date_gmt":"2023-05-17T09:53:42","guid":{"rendered":"https:\/\/ennorr.com\/?post_type=product&#038;p=14297"},"modified":"2025-11-19T13:01:14","modified_gmt":"2025-11-19T12:01:14","slug":"seb-nutricook-cocotte-minute-6l-inox-induction","status":"publish","type":"product","link":"https:\/\/ennorr.com\/ar\/product\/seb-nutricook-cocotte-minute-6l-inox-induction\/","title":{"rendered":"Seb NUTRICOOK\u00ae+ COCOTTE-MINUTE\u00ae 6L"},"content":{"rendered":"<h2 class=\"hdr -upp -fs14 -m -pam\">PRINCIPALES CARACT\u00c9RISTIQUES<\/h2>\n<div class=\"markup -pam\">\n<ul>\n<li>Texture pr\u00e9serv\u00e9e, go\u00fbt retrouv\u00e9<\/li>\n<li>Une cuisson optimale avec ses 4 programmes de cuisson<\/li>\n<li>Utilisation sans effort<\/li>\n<li>Une cuisson r\u00e9ussie gr\u00e2ce au minuteur intelligent<\/li>\n<li>Panier vapeur vitamines<\/li>\n<li>Livret de recettes inclus<\/li>\n<li>Application mobile gratuite<\/li>\n<li>Une cuisson homog\u00e8ne<\/li>\n<li>Garantie pour durer<\/li>\n<li>Facile \u00e0 nettoyer<\/li>\n<li>Fabriqu\u00e9 en France<\/li>\n<li>Cuisson saine<\/li>\n<li>Syst\u00e8me de s\u00e9curit\u00e9<\/li>\n<\/ul>\n<\/div>","protected":false},"excerpt":{"rendered":"<p>PRINCIPALES CARACT\u00c9RISTIQUES Texture pr\u00e9serv\u00e9e, go\u00fbt retrouv\u00e9 Une cuisson optimale avec ses 4 programmes de cuisson Utilisation sans effort Une cuisson<\/p>","protected":false},"featured_media":14298,"comment_status":"open","ping_status":"closed","template":"","meta":[],"product_cat":[289],"product_tag":[],"class_list":["post-14297","product","type-product","status-publish","has-post-thumbnail","hentry","product_cat-cocottes"],"_links":{"self":[{"href":"https:\/\/ennorr.com\/ar\/wp-json\/wp\/v2\/product\/14297","targetHints":{"allow":["GET"]}}],"collection":[{"href":"https:\/\/ennorr.com\/ar\/wp-json\/wp\/v2\/product"}],"about":[{"href":"https:\/\/ennorr.com\/ar\/wp-json\/wp\/v2\/types\/product"}],"replies":[{"embeddable":true,"href":"https:\/\/ennorr.com\/ar\/wp-json\/wp\/v2\/comments?post=14297"}],"version-history":[{"count":2,"href":"https:\/\/ennorr.com\/ar\/wp-json\/wp\/v2\/product\/14297\/revisions"}],"predecessor-version":[{"id":14402,"href":"https:\/\/ennorr.com\/ar\/wp-json\/wp\/v2\/product\/14297\/revisions\/14402"}],"wp:featuredmedia":[{"embeddable":true,"href":"https:\/\/ennorr.com\/ar\/wp-json\/wp\/v2\/media\/14298"}],"wp:attachment":[{"href":"https:\/\/ennorr.com\/ar\/wp-json\/wp\/v2\/media?parent=14297"}],"wp:term":[{"taxonomy":"product_cat","embeddable":true,"href":"https:\/\/ennorr.com\/ar\/wp-json\/wp\/v2\/product_cat?post=14297"},{"taxonomy":"product_tag","embeddable":true,"href":"https:\/\/ennorr.com\/ar\/wp-json\/wp\/v2\/product_tag?post=14297"}],"curies":[{"name":"wp","href":"https:\/\/api.w.org\/{rel}","templated":true}]}}