{"id":9362,"date":"2023-05-17T09:53:14","date_gmt":"2023-05-17T08:53:14","guid":{"rendered":"https:\/\/ennorr.com\/?post_type=product&#038;p=9362"},"modified":"2025-11-19T12:51:59","modified_gmt":"2025-11-19T11:51:59","slug":"bosch-bras-mixeur-clevermixx-400-w-blanc","status":"publish","type":"product","link":"https:\/\/ennorr.com\/ar\/product\/bosch-bras-mixeur-clevermixx-400-w-blanc\/","title":{"rendered":"Bosch Bras Mixeur Clevermixx 400 W Blanc."},"content":{"rendered":"<p><b>Bras Mixeur\u00a0 Clevermixx 400 W Blanc<\/b>Bosch nous offre l\u00e0 un mixeur \u00e9l\u00e9gant, \u00e0 la forme fine et douce, et aux couleurs claires agr\u00e9ables. Le design de bout du mixeur est parfaitement \u00e9tudi\u00e9 pour \u00e9viter toutes projections non contr\u00f4l\u00e9es, et pour garder son chemisier en \u00e9tat, m\u00eame apr\u00e8s une session de cuisine intense !Mixeur plongeant CleverMixx avec pied\u00a0 4 lames aiguis\u00e9es et un moteur puissant l\u00e9ger et silencieux pour r\u00e9ussir avec brio toutes les pr\u00e9parations. &#8211; Puissance 400 W &#8211; Pied mixeur Inox avec 4 lames aiguis\u00e9es pour des pr\u00e9parations onctueuses et homog\u00e8nes en un clin d&rsquo;\u0153il &#8211; Pratique avec le pied amovible et lavable au lave-vaisselle &#8211; Bol mixeur pour m\u00e9langer directement vos aliments.<\/p>","protected":false},"excerpt":{"rendered":"<p>Bras Mixeur\u00a0 Clevermixx 400 W BlancBosch nous offre l\u00e0 un mixeur \u00e9l\u00e9gant, \u00e0 la forme fine et douce, et aux<\/p>","protected":false},"featured_media":14233,"comment_status":"open","ping_status":"closed","template":"","meta":[],"product_cat":[293],"product_tag":[],"class_list":["post-9362","product","type-product","status-publish","has-post-thumbnail","hentry","product_cat-bras-mixeur"],"_links":{"self":[{"href":"https:\/\/ennorr.com\/ar\/wp-json\/wp\/v2\/product\/9362","targetHints":{"allow":["GET"]}}],"collection":[{"href":"https:\/\/ennorr.com\/ar\/wp-json\/wp\/v2\/product"}],"about":[{"href":"https:\/\/ennorr.com\/ar\/wp-json\/wp\/v2\/types\/product"}],"replies":[{"embeddable":true,"href":"https:\/\/ennorr.com\/ar\/wp-json\/wp\/v2\/comments?post=9362"}],"version-history":[{"count":1,"href":"https:\/\/ennorr.com\/ar\/wp-json\/wp\/v2\/product\/9362\/revisions"}],"predecessor-version":[{"id":14237,"href":"https:\/\/ennorr.com\/ar\/wp-json\/wp\/v2\/product\/9362\/revisions\/14237"}],"wp:featuredmedia":[{"embeddable":true,"href":"https:\/\/ennorr.com\/ar\/wp-json\/wp\/v2\/media\/14233"}],"wp:attachment":[{"href":"https:\/\/ennorr.com\/ar\/wp-json\/wp\/v2\/media?parent=9362"}],"wp:term":[{"taxonomy":"product_cat","embeddable":true,"href":"https:\/\/ennorr.com\/ar\/wp-json\/wp\/v2\/product_cat?post=9362"},{"taxonomy":"product_tag","embeddable":true,"href":"https:\/\/ennorr.com\/ar\/wp-json\/wp\/v2\/product_tag?post=9362"}],"curies":[{"name":"wp","href":"https:\/\/api.w.org\/{rel}","templated":true}]}}