{"id":9366,"date":"2023-05-17T09:53:19","date_gmt":"2023-05-17T08:53:19","guid":{"rendered":"https:\/\/ennorr.com\/?post_type=product&#038;p=9366"},"modified":"2025-11-01T13:39:22","modified_gmt":"2025-11-01T12:39:22","slug":"kitchen-aid-robot-patissier-kitchenaid-artisan-empire-48l-300-w-rouge","status":"publish","type":"product","link":"https:\/\/ennorr.com\/ar\/product\/kitchen-aid-robot-patissier-kitchenaid-artisan-empire-48l-300-w-rouge\/","title":{"rendered":"Kitchen Aid Robot P\u00e2tissier KITCHENAID Artisan Empire 4,8L-300 W Rouge"},"content":{"rendered":"<p>Un design unique depuis 1937 !<\/p>\n<p>D&rsquo;une fiabilit\u00e9 exemplaire, le\u00a0\u00a0robot p\u00e2tissier Kitchenaid 5KSM125EER\u00a0au coloris Rouge empire est \u00e9quip\u00e9 d&rsquo;un\u00a0\u00a0moteur \u00e0 transmission directe\u00a0qui\u00a0permet un\u00a0\u00a0fonctionnement silencieux\u00a0et des\u00a0\u00a0performances exceptionnelles.<br \/>\nCe mod\u00e8le \u00e0\u00a0\u00a0t\u00eate inclinable\u00a0est facile \u00e0 utiliser et \u00e0 nettoyer.<\/p>\n<p>Vitesses et moteur :<br \/>\nIl dispose de\u00a0\u00a010 vitesses gradu\u00e9es\u00a0pour monter aussi bien des blancs en neige que pour p\u00e9trir de la p\u00e2te \u00e0 pain.<br \/>\nSon exceptionnelle action de m\u00e9lange \u00e0\u00a0\u00a0mouvement plan\u00e9taire\u00a0assure une homog\u00e9n\u00e9isation plus rapide et compl\u00e8te, incorporant tous les ingr\u00e9dients jusqu&rsquo;aux contours m\u00eame du bol.<br \/>\nIl n&rsquo;est d&rsquo;ailleurs pas n\u00e9cessaire de tourner le bol ou d&rsquo;en racler les parois.<\/p>\n<p>Capacit\u00e9 :<br \/>\nLe\u00a0\u00a0bol du robot p\u00e2tissier d&rsquo;une capacit\u00e9 de 4,8 litres\u00a0est en acier inoxydable avec poign\u00e9e ergonomique.<br \/>\nIl est con\u00e7u pour travailler\u00a0\u00a0une capacit\u00e9 de p\u00e2te maximale de 1 kg de farine ou 800 g de farine de bl\u00e9 complet.<\/p>\n<p>Accessoires :<br \/>\nIl b\u00e9n\u00e9ficie d&rsquo;un bol de 4.8 l, d&rsquo;un fouet \u00e0 6 fils, d&rsquo;un batteur plat et d&rsquo;un crochet p\u00e9trisseur.<br \/>\nNombreux accessoires compl\u00e9mentaires disponible en option\u00a0(hachoir, r\u00e2pe, cylindres, passoire \u00e0 fruits et l\u00e9gumes, set appareils \u00e0 p\u00e2tes \/ raviolis, presse agrumes, sorbeti\u00e8re, bols, housse&#8230;).<\/p>","protected":false},"excerpt":{"rendered":"<p>Un design unique depuis 1937 ! D&rsquo;une fiabilit\u00e9 exemplaire, le\u00a0\u00a0robot p\u00e2tissier Kitchenaid 5KSM125EER\u00a0au coloris Rouge empire est \u00e9quip\u00e9 d&rsquo;un\u00a0\u00a0moteur \u00e0<\/p>","protected":false},"featured_media":14245,"comment_status":"open","ping_status":"closed","template":"","meta":[],"product_cat":[295],"product_tag":[],"class_list":["post-9366","product","type-product","status-publish","has-post-thumbnail","hentry","product_cat-petrin"],"_links":{"self":[{"href":"https:\/\/ennorr.com\/ar\/wp-json\/wp\/v2\/product\/9366","targetHints":{"allow":["GET"]}}],"collection":[{"href":"https:\/\/ennorr.com\/ar\/wp-json\/wp\/v2\/product"}],"about":[{"href":"https:\/\/ennorr.com\/ar\/wp-json\/wp\/v2\/types\/product"}],"replies":[{"embeddable":true,"href":"https:\/\/ennorr.com\/ar\/wp-json\/wp\/v2\/comments?post=9366"}],"version-history":[{"count":1,"href":"https:\/\/ennorr.com\/ar\/wp-json\/wp\/v2\/product\/9366\/revisions"}],"predecessor-version":[{"id":14248,"href":"https:\/\/ennorr.com\/ar\/wp-json\/wp\/v2\/product\/9366\/revisions\/14248"}],"wp:featuredmedia":[{"embeddable":true,"href":"https:\/\/ennorr.com\/ar\/wp-json\/wp\/v2\/media\/14245"}],"wp:attachment":[{"href":"https:\/\/ennorr.com\/ar\/wp-json\/wp\/v2\/media?parent=9366"}],"wp:term":[{"taxonomy":"product_cat","embeddable":true,"href":"https:\/\/ennorr.com\/ar\/wp-json\/wp\/v2\/product_cat?post=9366"},{"taxonomy":"product_tag","embeddable":true,"href":"https:\/\/ennorr.com\/ar\/wp-json\/wp\/v2\/product_tag?post=9366"}],"curies":[{"name":"wp","href":"https:\/\/api.w.org\/{rel}","templated":true}]}}