{"id":9378,"date":"2023-05-17T09:53:36","date_gmt":"2023-05-17T08:53:36","guid":{"rendered":"https:\/\/ennorr.com\/?post_type=product&#038;p=9378"},"modified":"2025-11-01T13:41:45","modified_gmt":"2025-11-01T12:41:45","slug":"moulinex-robot-mixeur-multifonctions-double-force-compact-blanc-silver","status":"publish","type":"product","link":"https:\/\/ennorr.com\/ar\/product\/moulinex-robot-mixeur-multifonctions-double-force-compact-blanc-silver\/","title":{"rendered":"Moulinex Robot Mixeur Multifonctions Double Force Compact &#8211; Blanc\/Silver"},"content":{"rendered":"<h3>Le robot multifonction qui allie force et vitesse pour tout r\u00e9ussir en cuisine<\/h3>\n<p>Mon duo performance en cuisineVitesse ou force de rotation\u00a0: pourquoi choisir\u00a0?Double Force compact : le duo gagnant en cuisine gr\u00e2ce ses deux sorties moteur d\u00e9livrant au bol ou \u00e0 l&rsquo;accessoire utilis\u00e9 une vitesse et une force de rotation optimales. Dot\u00e9 de plusieurs programmes et accessoires, cet alli\u00e9 performant, robuste et \u00e9l\u00e9gant est con\u00e7u pour vous accompagner au quotidien dans la r\u00e9alisation de toutes vos pr\u00e9parations.<\/p>","protected":false},"excerpt":{"rendered":"<p>Le robot multifonction qui allie force et vitesse pour tout r\u00e9ussir en cuisine Mon duo performance en cuisineVitesse ou force<\/p>","protected":false},"featured_media":14279,"comment_status":"open","ping_status":"closed","template":"","meta":[],"product_cat":[291],"product_tag":[],"class_list":["post-9378","product","type-product","status-publish","has-post-thumbnail","hentry","product_cat-blender-robots"],"_links":{"self":[{"href":"https:\/\/ennorr.com\/ar\/wp-json\/wp\/v2\/product\/9378","targetHints":{"allow":["GET"]}}],"collection":[{"href":"https:\/\/ennorr.com\/ar\/wp-json\/wp\/v2\/product"}],"about":[{"href":"https:\/\/ennorr.com\/ar\/wp-json\/wp\/v2\/types\/product"}],"replies":[{"embeddable":true,"href":"https:\/\/ennorr.com\/ar\/wp-json\/wp\/v2\/comments?post=9378"}],"version-history":[{"count":1,"href":"https:\/\/ennorr.com\/ar\/wp-json\/wp\/v2\/product\/9378\/revisions"}],"predecessor-version":[{"id":14283,"href":"https:\/\/ennorr.com\/ar\/wp-json\/wp\/v2\/product\/9378\/revisions\/14283"}],"wp:featuredmedia":[{"embeddable":true,"href":"https:\/\/ennorr.com\/ar\/wp-json\/wp\/v2\/media\/14279"}],"wp:attachment":[{"href":"https:\/\/ennorr.com\/ar\/wp-json\/wp\/v2\/media?parent=9378"}],"wp:term":[{"taxonomy":"product_cat","embeddable":true,"href":"https:\/\/ennorr.com\/ar\/wp-json\/wp\/v2\/product_cat?post=9378"},{"taxonomy":"product_tag","embeddable":true,"href":"https:\/\/ennorr.com\/ar\/wp-json\/wp\/v2\/product_tag?post=9378"}],"curies":[{"name":"wp","href":"https:\/\/api.w.org\/{rel}","templated":true}]}}